{"id":383,"date":"2025-06-21T04:35:29","date_gmt":"2025-06-21T04:35:29","guid":{"rendered":"https:\/\/brandlytic.do\/camara\/?page_id=383"},"modified":"2025-06-21T04:58:56","modified_gmt":"2025-06-21T04:58:56","slug":"eventos","status":"publish","type":"page","link":"https:\/\/brandlytic.do\/camara\/eventos\/","title":{"rendered":"Eventos"},"content":{"rendered":"\t\t<div data-elementor-type=\"wp-page\" data-elementor-id=\"383\" class=\"elementor elementor-383\" data-elementor-post-type=\"page\">\n\t\t\t\t<div class=\"elementor-element elementor-element-3828a579 e-flex e-con-boxed e-con e-parent\" data-id=\"3828a579\" data-element_type=\"container\" data-e-type=\"container\" data-settings=\"{&quot;background_background&quot;:&quot;classic&quot;}\">\n\t\t\t\t\t<div class=\"e-con-inner\">\n\t\t<div class=\"elementor-element elementor-element-5a0a3ad8 e-con-full e-flex e-con e-child\" data-id=\"5a0a3ad8\" data-element_type=\"container\" data-e-type=\"container\">\n\t\t\t\t<div class=\"elementor-element elementor-element-73e3f588 animated-slow elementor-invisible elementor-widget elementor-widget-heading\" data-id=\"73e3f588\" data-element_type=\"widget\" data-e-type=\"widget\" data-settings=\"{&quot;_animation&quot;:&quot;slideInUp&quot;}\" data-widget_type=\"heading.default\">\n\t\t\t\t<div class=\"elementor-widget-container\">\n\t\t\t\t\t<h2 class=\"elementor-heading-title elementor-size-default\">Actividades y seminarios<\/h2>\t\t\t\t<\/div>\n\t\t\t\t<\/div>\n\t\t\t\t<div class=\"elementor-element elementor-element-40012a2c animated-slow elementor-invisible elementor-widget elementor-widget-heading\" data-id=\"40012a2c\" data-element_type=\"widget\" data-e-type=\"widget\" data-settings=\"{&quot;_animation&quot;:&quot;slideInUp&quot;}\" data-widget_type=\"heading.default\">\n\t\t\t\t<div class=\"elementor-widget-container\">\n\t\t\t\t\t<h2 class=\"elementor-heading-title elementor-size-default\">Pr\u00f3ximos eventos<\/h2>\t\t\t\t<\/div>\n\t\t\t\t<\/div>\n\t\t\t\t<\/div>\n\t\t<div class=\"elementor-element elementor-element-45abaa9e e-con-full e-flex e-con e-child\" data-id=\"45abaa9e\" data-element_type=\"container\" data-e-type=\"container\">\n\t\t<div class=\"elementor-element elementor-element-4398132 animated-slow e-con-full e-flex elementor-invisible e-con e-child\" data-id=\"4398132\" data-element_type=\"container\" data-e-type=\"container\" data-settings=\"{&quot;animation&quot;:&quot;fadeInUp&quot;,&quot;animation_delay&quot;:150}\">\n\t\t<div class=\"elementor-element elementor-element-4d03030f e-con-full e-flex e-con e-child\" data-id=\"4d03030f\" data-element_type=\"container\" data-e-type=\"container\">\n\t\t\t\t<div class=\"elementor-element elementor-element-6e8d7e4b elementor-widget elementor-widget-image\" data-id=\"6e8d7e4b\" data-element_type=\"widget\" data-e-type=\"widget\" data-widget_type=\"image.default\">\n\t\t\t\t<div class=\"elementor-widget-container\">\n\t\t\t\t\t\t\t\t\t\t\t\t\t\t\t<img fetchpriority=\"high\" decoding=\"async\" width=\"692\" height=\"1024\" src=\"https:\/\/brandlytic.do\/camara\/wp-content\/uploads\/2025\/06\/Crece1-692x1024.jpg\" class=\"attachment-large size-large wp-image-406\" alt=\"\" srcset=\"https:\/\/brandlytic.do\/camara\/wp-content\/uploads\/2025\/06\/Crece1-692x1024.jpg 692w, https:\/\/brandlytic.do\/camara\/wp-content\/uploads\/2025\/06\/Crece1-203x300.jpg 203w, https:\/\/brandlytic.do\/camara\/wp-content\/uploads\/2025\/06\/Crece1-768x1137.jpg 768w, https:\/\/brandlytic.do\/camara\/wp-content\/uploads\/2025\/06\/Crece1-1038x1536.jpg 1038w, https:\/\/brandlytic.do\/camara\/wp-content\/uploads\/2025\/06\/Crece1.jpg 1271w\" sizes=\"(max-width: 692px) 100vw, 692px\" \/>\t\t\t\t\t\t\t\t\t\t\t\t\t\t\t<\/div>\n\t\t\t\t<\/div>\n\t\t\t\t<div class=\"elementor-element elementor-element-305565b6 elementor-widget__width-initial animated-slow elementor-invisible elementor-widget elementor-widget-spacer\" data-id=\"305565b6\" data-element_type=\"widget\" data-e-type=\"widget\" data-settings=\"{&quot;_animation&quot;:&quot;rotateInDownLeft&quot;}\" data-widget_type=\"spacer.default\">\n\t\t\t\t<div class=\"elementor-widget-container\">\n\t\t\t\t\t\t\t<div class=\"elementor-spacer\">\n\t\t\t<div class=\"elementor-spacer-inner\"><\/div>\n\t\t<\/div>\n\t\t\t\t\t\t<\/div>\n\t\t\t\t<\/div>\n\t\t\t\t<\/div>\n\t\t\t\t<div class=\"elementor-element elementor-element-5441d0e elementor-cta--layout-image-left elementor-cta--skin-classic elementor-animated-content elementor-bg-transform elementor-bg-transform-zoom-in elementor-widget elementor-widget-call-to-action\" data-id=\"5441d0e\" data-element_type=\"widget\" data-e-type=\"widget\" data-widget_type=\"call-to-action.default\">\n\t\t\t\t<div class=\"elementor-widget-container\">\n\t\t\t\t\t\t\t<div class=\"elementor-cta\">\n\t\t\t\t\t\t\t<div class=\"elementor-cta__content\">\n\t\t\t\t\n\t\t\t\t\t\t\t\t\t<h2 class=\"elementor-cta__title elementor-cta__content-item elementor-content-item\">\n\t\t\t\t\t\tFacturaci\u00f3n Electr\u00f3nica en RD (Ley No. 32-23)\t\t\t\t\t<\/h2>\n\t\t\t\t\n\t\t\t\t\t\t\t\t\t<div class=\"elementor-cta__description elementor-cta__content-item elementor-content-item\">\n\t\t\t\t\t\tExpositor(es): DGII \/ ONAPI \/ COPARDOM \/ CCPSD \/ TSS\n\nFecha: mi\u00e9rcoles 27 de septiembre\n\nHora: 9:00 a.m. - 10:00 a.m.\t\t\t\t\t<\/div>\n\t\t\t\t\n\t\t\t\t\t\t\t<\/div>\n\t\t\t\t\t\t<\/div>\n\t\t\t\t\t\t<\/div>\n\t\t\t\t<\/div>\n\t\t\t\t<\/div>\n\t\t<div class=\"elementor-element elementor-element-5be245b6 animated-slow e-con-full e-flex elementor-invisible e-con e-child\" data-id=\"5be245b6\" data-element_type=\"container\" data-e-type=\"container\" data-settings=\"{&quot;animation&quot;:&quot;fadeInUp&quot;,&quot;animation_delay&quot;:300}\">\n\t\t<div class=\"elementor-element elementor-element-282b2d2c e-con-full e-flex e-con e-child\" data-id=\"282b2d2c\" data-element_type=\"container\" data-e-type=\"container\">\n\t\t\t\t<div class=\"elementor-element elementor-element-3e3b2677 elementor-widget elementor-widget-image\" data-id=\"3e3b2677\" data-element_type=\"widget\" data-e-type=\"widget\" data-widget_type=\"image.default\">\n\t\t\t\t<div class=\"elementor-widget-container\">\n\t\t\t\t\t\t\t\t\t\t\t\t\t\t\t<img decoding=\"async\" width=\"692\" height=\"1024\" src=\"https:\/\/brandlytic.do\/camara\/wp-content\/uploads\/2025\/06\/Crece2-692x1024.jpg\" class=\"attachment-large size-large wp-image-407\" alt=\"\" srcset=\"https:\/\/brandlytic.do\/camara\/wp-content\/uploads\/2025\/06\/Crece2-692x1024.jpg 692w, https:\/\/brandlytic.do\/camara\/wp-content\/uploads\/2025\/06\/Crece2-203x300.jpg 203w, https:\/\/brandlytic.do\/camara\/wp-content\/uploads\/2025\/06\/Crece2-768x1137.jpg 768w, https:\/\/brandlytic.do\/camara\/wp-content\/uploads\/2025\/06\/Crece2-1038x1536.jpg 1038w, https:\/\/brandlytic.do\/camara\/wp-content\/uploads\/2025\/06\/Crece2.jpg 1271w\" sizes=\"(max-width: 692px) 100vw, 692px\" \/>\t\t\t\t\t\t\t\t\t\t\t\t\t\t\t<\/div>\n\t\t\t\t<\/div>\n\t\t\t\t<div class=\"elementor-element elementor-element-408286dd elementor-widget__width-initial animated-slow elementor-invisible elementor-widget elementor-widget-spacer\" data-id=\"408286dd\" data-element_type=\"widget\" data-e-type=\"widget\" data-settings=\"{&quot;_animation&quot;:&quot;rotateInDownLeft&quot;}\" data-widget_type=\"spacer.default\">\n\t\t\t\t<div class=\"elementor-widget-container\">\n\t\t\t\t\t\t\t<div class=\"elementor-spacer\">\n\t\t\t<div class=\"elementor-spacer-inner\"><\/div>\n\t\t<\/div>\n\t\t\t\t\t\t<\/div>\n\t\t\t\t<\/div>\n\t\t\t\t<\/div>\n\t\t\t\t<div class=\"elementor-element elementor-element-58ae9d9a elementor-cta--layout-image-left elementor-cta--skin-classic elementor-animated-content elementor-bg-transform elementor-bg-transform-zoom-in elementor-widget elementor-widget-call-to-action\" data-id=\"58ae9d9a\" data-element_type=\"widget\" data-e-type=\"widget\" data-widget_type=\"call-to-action.default\">\n\t\t\t\t<div class=\"elementor-widget-container\">\n\t\t\t\t\t\t\t<div class=\"elementor-cta\">\n\t\t\t\t\t\t\t<div class=\"elementor-cta__content\">\n\t\t\t\t\n\t\t\t\t\t\t\t\t\t<h2 class=\"elementor-cta__title elementor-cta__content-item elementor-content-item\">\n\t\t\t\t\t\tGesti\u00f3n Empresa, integra todos los procesos de tu negocio\t\t\t\t\t<\/h2>\n\t\t\t\t\n\t\t\t\t\t\t\t\t\t<div class=\"elementor-cta__description elementor-cta__content-item elementor-content-item\">\n\t\t\t\t\t\tExpositor(es): Jaime Prieto \/ Isaac Ram\u00edrez\n\nFecha: mi\u00e9rcoles 27 de septiembre\n\nHora: 10:30 a.m. - 11:30 a.m.\t\t\t\t\t<\/div>\n\t\t\t\t\n\t\t\t\t\t\t\t<\/div>\n\t\t\t\t\t\t<\/div>\n\t\t\t\t\t\t<\/div>\n\t\t\t\t<\/div>\n\t\t\t\t<\/div>\n\t\t<div class=\"elementor-element elementor-element-100c6307 animated-slow e-con-full e-flex elementor-invisible e-con e-child\" data-id=\"100c6307\" data-element_type=\"container\" data-e-type=\"container\" data-settings=\"{&quot;animation&quot;:&quot;fadeInUp&quot;,&quot;animation_delay&quot;:600}\">\n\t\t<div class=\"elementor-element elementor-element-5e2a24e7 e-con-full e-flex e-con e-child\" data-id=\"5e2a24e7\" data-element_type=\"container\" data-e-type=\"container\">\n\t\t\t\t<div class=\"elementor-element elementor-element-21c1524c elementor-widget elementor-widget-image\" data-id=\"21c1524c\" data-element_type=\"widget\" data-e-type=\"widget\" data-widget_type=\"image.default\">\n\t\t\t\t<div class=\"elementor-widget-container\">\n\t\t\t\t\t\t\t\t\t\t\t\t\t\t\t<img decoding=\"async\" width=\"692\" height=\"1024\" src=\"https:\/\/brandlytic.do\/camara\/wp-content\/uploads\/2025\/06\/Crece3-692x1024.jpg\" class=\"attachment-large size-large wp-image-408\" alt=\"\" srcset=\"https:\/\/brandlytic.do\/camara\/wp-content\/uploads\/2025\/06\/Crece3-692x1024.jpg 692w, https:\/\/brandlytic.do\/camara\/wp-content\/uploads\/2025\/06\/Crece3-203x300.jpg 203w, https:\/\/brandlytic.do\/camara\/wp-content\/uploads\/2025\/06\/Crece3-768x1137.jpg 768w, https:\/\/brandlytic.do\/camara\/wp-content\/uploads\/2025\/06\/Crece3-1038x1536.jpg 1038w, https:\/\/brandlytic.do\/camara\/wp-content\/uploads\/2025\/06\/Crece3.jpg 1271w\" sizes=\"(max-width: 692px) 100vw, 692px\" \/>\t\t\t\t\t\t\t\t\t\t\t\t\t\t\t<\/div>\n\t\t\t\t<\/div>\n\t\t\t\t<div class=\"elementor-element elementor-element-79ec0513 elementor-widget__width-initial animated-slow elementor-invisible elementor-widget elementor-widget-spacer\" data-id=\"79ec0513\" data-element_type=\"widget\" data-e-type=\"widget\" data-settings=\"{&quot;_animation&quot;:&quot;rotateInDownLeft&quot;}\" data-widget_type=\"spacer.default\">\n\t\t\t\t<div class=\"elementor-widget-container\">\n\t\t\t\t\t\t\t<div class=\"elementor-spacer\">\n\t\t\t<div class=\"elementor-spacer-inner\"><\/div>\n\t\t<\/div>\n\t\t\t\t\t\t<\/div>\n\t\t\t\t<\/div>\n\t\t\t\t<\/div>\n\t\t\t\t<div class=\"elementor-element elementor-element-624f1e7d elementor-cta--layout-image-left elementor-cta--skin-classic elementor-animated-content elementor-bg-transform elementor-bg-transform-zoom-in elementor-widget elementor-widget-call-to-action\" data-id=\"624f1e7d\" data-element_type=\"widget\" data-e-type=\"widget\" data-widget_type=\"call-to-action.default\">\n\t\t\t\t<div class=\"elementor-widget-container\">\n\t\t\t\t\t\t\t<div class=\"elementor-cta\">\n\t\t\t\t\t\t\t<div class=\"elementor-cta__content\">\n\t\t\t\t\n\t\t\t\t\t\t\t\t\t<h2 class=\"elementor-cta__title elementor-cta__content-item elementor-content-item\">\n\t\t\t\t\t\tOperaciones Inteligentes: Construir para Expandir\t\t\t\t\t<\/h2>\n\t\t\t\t\n\t\t\t\t\t\t\t\t\t<div class=\"elementor-cta__description elementor-cta__content-item elementor-content-item\">\n\t\t\t\t\t\tExpositor(es): Ricardo Peguero\n\nFecha: mi\u00e9rcoles 27 de septiembre\n\nHora: 12:00 p.m. - 01:00 p.m.\t\t\t\t\t<\/div>\n\t\t\t\t\n\t\t\t\t\t\t\t<\/div>\n\t\t\t\t\t\t<\/div>\n\t\t\t\t\t\t<\/div>\n\t\t\t\t<\/div>\n\t\t\t\t<\/div>\n\t\t\t\t<\/div>\n\t\t\t\t\t<\/div>\n\t\t\t\t<\/div>\n\t\t<div class=\"elementor-element elementor-element-2d2aa04 e-flex e-con-boxed e-con e-parent\" data-id=\"2d2aa04\" data-element_type=\"container\" data-e-type=\"container\">\n\t\t\t\t\t<div class=\"e-con-inner\">\n\t\t\t\t<div class=\"elementor-element elementor-element-d8829d8 elementor-widget elementor-widget-spacer\" data-id=\"d8829d8\" data-element_type=\"widget\" data-e-type=\"widget\" data-widget_type=\"spacer.default\">\n\t\t\t\t<div class=\"elementor-widget-container\">\n\t\t\t\t\t\t\t<div class=\"elementor-spacer\">\n\t\t\t<div class=\"elementor-spacer-inner\"><\/div>\n\t\t<\/div>\n\t\t\t\t\t\t<\/div>\n\t\t\t\t<\/div>\n\t\t\t\t\t<\/div>\n\t\t\t\t<\/div>\n\t\t\t\t<\/div>\n\t\t","protected":false},"excerpt":{"rendered":"<p>Actividades y seminarios Pr\u00f3ximos eventos Facturaci\u00f3n Electr\u00f3nica en RD (Ley No. 32-23) Expositor(es): DGII \/ ONAPI \/ COPARDOM \/ CCPSD \/ TSS Fecha: mi\u00e9rcoles 27 de septiembre Hora: 9:00 a.m. &#8211; 10:00 a.m. Gesti\u00f3n Empresa, integra todos los procesos de tu negocio Expositor(es): Jaime Prieto \/ Isaac Ram\u00edrez Fecha: mi\u00e9rcoles 27 de septiembre Hora: 10:30 [&hellip;]<\/p>\n","protected":false},"author":1,"featured_media":0,"parent":0,"menu_order":0,"comment_status":"closed","ping_status":"closed","template":"","meta":{"footnotes":""},"class_list":["post-383","page","type-page","status-publish","hentry"],"_links":{"self":[{"href":"https:\/\/brandlytic.do\/camara\/wp-json\/wp\/v2\/pages\/383","targetHints":{"allow":["GET"]}}],"collection":[{"href":"https:\/\/brandlytic.do\/camara\/wp-json\/wp\/v2\/pages"}],"about":[{"href":"https:\/\/brandlytic.do\/camara\/wp-json\/wp\/v2\/types\/page"}],"author":[{"embeddable":true,"href":"https:\/\/brandlytic.do\/camara\/wp-json\/wp\/v2\/users\/1"}],"replies":[{"embeddable":true,"href":"https:\/\/brandlytic.do\/camara\/wp-json\/wp\/v2\/comments?post=383"}],"version-history":[{"count":22,"href":"https:\/\/brandlytic.do\/camara\/wp-json\/wp\/v2\/pages\/383\/revisions"}],"predecessor-version":[{"id":417,"href":"https:\/\/brandlytic.do\/camara\/wp-json\/wp\/v2\/pages\/383\/revisions\/417"}],"wp:attachment":[{"href":"https:\/\/brandlytic.do\/camara\/wp-json\/wp\/v2\/media?parent=383"}],"curies":[{"name":"wp","href":"https:\/\/api.w.org\/{rel}","templated":true}]}}