{"id":554,"date":"2025-06-21T12:05:20","date_gmt":"2025-06-21T12:05:20","guid":{"rendered":"https:\/\/brandlytic.do\/camara\/?page_id=554"},"modified":"2025-07-23T15:30:36","modified_gmt":"2025-07-23T15:30:36","slug":"tarifas","status":"publish","type":"page","link":"https:\/\/brandlytic.do\/camara\/tarifas\/","title":{"rendered":"Tarifas"},"content":{"rendered":"\t\t<div data-elementor-type=\"wp-page\" data-elementor-id=\"554\" class=\"elementor elementor-554\" data-elementor-post-type=\"page\">\n\t\t\t\t<div class=\"elementor-element elementor-element-83eecdc e-flex e-con-boxed e-con e-parent\" data-id=\"83eecdc\" data-element_type=\"container\" data-e-type=\"container\">\n\t\t\t\t\t<div class=\"e-con-inner\">\n\t\t<div class=\"elementor-element elementor-element-32acf20 e-con-full e-flex e-con e-child\" data-id=\"32acf20\" data-element_type=\"container\" data-e-type=\"container\">\n\t\t\t\t<div class=\"elementor-element elementor-element-ad381d8 elementor-widget elementor-widget-image\" data-id=\"ad381d8\" data-element_type=\"widget\" data-e-type=\"widget\" data-widget_type=\"image.default\">\n\t\t\t\t<div class=\"elementor-widget-container\">\n\t\t\t\t\t\t\t\t\t\t\t\t\t\t\t\t<a href=\"https:\/\/www.camaraprovinciasantodomingo.do\/Media\/Documentos\/RegistroMercantil\/Tarifario.pdf\">\n\t\t\t\t\t\t\t<img fetchpriority=\"high\" decoding=\"async\" width=\"791\" height=\"1024\" src=\"https:\/\/brandlytic.do\/camara\/wp-content\/uploads\/2025\/06\/Tarifario-791x1024.jpg\" class=\"attachment-large size-large wp-image-557\" alt=\"\" srcset=\"https:\/\/brandlytic.do\/camara\/wp-content\/uploads\/2025\/06\/Tarifario-791x1024.jpg 791w, https:\/\/brandlytic.do\/camara\/wp-content\/uploads\/2025\/06\/Tarifario-232x300.jpg 232w, https:\/\/brandlytic.do\/camara\/wp-content\/uploads\/2025\/06\/Tarifario-768x994.jpg 768w, https:\/\/brandlytic.do\/camara\/wp-content\/uploads\/2025\/06\/Tarifario-1187x1536.jpg 1187w, https:\/\/brandlytic.do\/camara\/wp-content\/uploads\/2025\/06\/Tarifario-1583x2048.jpg 1583w, https:\/\/brandlytic.do\/camara\/wp-content\/uploads\/2025\/06\/Tarifario.jpg 1700w\" sizes=\"(max-width: 791px) 100vw, 791px\" \/>\t\t\t\t\t\t\t\t<\/a>\n\t\t\t\t\t\t\t\t\t\t\t\t\t\t\t<\/div>\n\t\t\t\t<\/div>\n\t\t\t\t<\/div>\n\t\t<div class=\"elementor-element elementor-element-0dd85f7 e-con-full e-flex e-con e-child\" data-id=\"0dd85f7\" data-element_type=\"container\" data-e-type=\"container\">\n\t\t\t\t<div class=\"elementor-element elementor-element-7c2826c elementor-widget elementor-widget-heading\" data-id=\"7c2826c\" data-element_type=\"widget\" data-e-type=\"widget\" data-widget_type=\"heading.default\">\n\t\t\t\t<div class=\"elementor-widget-container\">\n\t\t\t\t\t<h2 class=\"elementor-heading-title elementor-size-default\">Tarifas de servicios<\/h2>\t\t\t\t<\/div>\n\t\t\t\t<\/div>\n\t\t\t\t<div class=\"elementor-element elementor-element-57c3d71 elementor-widget elementor-widget-text-editor\" data-id=\"57c3d71\" data-element_type=\"widget\" data-e-type=\"widget\" data-widget_type=\"text-editor.default\">\n\t\t\t\t<div class=\"elementor-widget-container\">\n\t\t\t\t\t\t\t\t\t<p>En esta secci\u00f3n podr\u00e1s consultar las tarifas vigentes por los servicios que ofrece la C\u00e1mara de Comercio y Producci\u00f3n de Santo Domingo. Hemos organizado la informaci\u00f3n de manera clara y accesible para que puedas conocer el costo de cada tr\u00e1mite, solicitud o certificaci\u00f3n, de acuerdo con el tipo de servicio requerido. Te invitamos a revisar el listado y verificar los detalles antes de realizar tu solicitud.<\/p>\t\t\t\t\t\t\t\t<\/div>\n\t\t\t\t<\/div>\n\t\t\t\t<div class=\"elementor-element elementor-element-adb5f20 elementor-align-center elementor-widget elementor-widget-button\" data-id=\"adb5f20\" data-element_type=\"widget\" data-e-type=\"widget\" data-widget_type=\"button.default\">\n\t\t\t\t<div class=\"elementor-widget-container\">\n\t\t\t\t\t\t\t\t\t<div class=\"elementor-button-wrapper\">\n\t\t\t\t\t<a class=\"elementor-button elementor-button-link elementor-size-sm\" href=\"https:\/\/www.camaraprovinciasantodomingo.do\/Media\/Documentos\/RegistroMercantil\/Tarifario.pdf\">\n\t\t\t\t\t\t<span class=\"elementor-button-content-wrapper\">\n\t\t\t\t\t\t<span class=\"elementor-button-icon\">\n\t\t\t\t<svg aria-hidden=\"true\" class=\"e-font-icon-svg e-fas-file-pdf\" viewBox=\"0 0 384 512\" xmlns=\"http:\/\/www.w3.org\/2000\/svg\"><path d=\"M181.9 256.1c-5-16-4.9-46.9-2-46.9 8.4 0 7.6 36.9 2 46.9zm-1.7 47.2c-7.7 20.2-17.3 43.3-28.4 62.7 18.3-7 39-17.2 62.9-21.9-12.7-9.6-24.9-23.4-34.5-40.8zM86.1 428.1c0 .8 13.2-5.4 34.9-40.2-6.7 6.3-29.1 24.5-34.9 40.2zM248 160h136v328c0 13.3-10.7 24-24 24H24c-13.3 0-24-10.7-24-24V24C0 10.7 10.7 0 24 0h200v136c0 13.2 10.8 24 24 24zm-8 171.8c-20-12.2-33.3-29-42.7-53.8 4.5-18.5 11.6-46.6 6.2-64.2-4.7-29.4-42.4-26.5-47.8-6.8-5 18.3-.4 44.1 8.1 77-11.6 27.6-28.7 64.6-40.8 85.8-.1 0-.1.1-.2.1-27.1 13.9-73.6 44.5-54.5 68 5.6 6.9 16 10 21.5 10 17.9 0 35.7-18 61.1-61.8 25.8-8.5 54.1-19.1 79-23.2 21.7 11.8 47.1 19.5 64 19.5 29.2 0 31.2-32 19.7-43.4-13.9-13.6-54.3-9.7-73.6-7.2zM377 105L279 7c-4.5-4.5-10.6-7-17-7h-6v128h128v-6.1c0-6.3-2.5-12.4-7-16.9zm-74.1 255.3c4.1-2.7-2.5-11.9-42.8-9 37.1 15.8 42.8 9 42.8 9z\"><\/path><\/svg>\t\t\t<\/span>\n\t\t\t\t\t\t\t\t\t<span class=\"elementor-button-text\">Consultar precios<\/span>\n\t\t\t\t\t<\/span>\n\t\t\t\t\t<\/a>\n\t\t\t\t<\/div>\n\t\t\t\t\t\t\t\t<\/div>\n\t\t\t\t<\/div>\n\t\t\t\t<\/div>\n\t\t\t\t\t<\/div>\n\t\t\t\t<\/div>\n\t\t<div class=\"elementor-element elementor-element-7380486 e-flex e-con-boxed e-con e-parent\" data-id=\"7380486\" data-element_type=\"container\" data-e-type=\"container\">\n\t\t\t\t\t<div class=\"e-con-inner\">\n\t\t\t\t<div class=\"elementor-element elementor-element-ada7fea elementor-widget__width-initial elementor-widget elementor-widget-text-editor\" data-id=\"ada7fea\" data-element_type=\"widget\" data-e-type=\"widget\" data-widget_type=\"text-editor.default\">\n\t\t\t\t<div class=\"elementor-widget-container\">\n\t\t\t\t\t\t\t\t\t<p>A continuaci\u00f3n, te presentamos algunas consideraciones importantes que debes tener en cuenta al momento de solicitar los servicios del Registro Mercantil. Estas disposiciones complementan las tarifas y te ayudar\u00e1n a entender mejor c\u00f3mo se calculan los costos y c\u00f3mo se deben gestionar los distintos tr\u00e1mites:<\/p>\t\t\t\t\t\t\t\t<\/div>\n\t\t\t\t<\/div>\n\t\t\t\t\t<\/div>\n\t\t\t\t<\/div>\n\t\t<div class=\"elementor-element elementor-element-f8f2ce5 e-flex e-con-boxed e-con e-parent\" data-id=\"f8f2ce5\" data-element_type=\"container\" data-e-type=\"container\">\n\t\t\t\t\t<div class=\"e-con-inner\">\n\t\t<div class=\"elementor-element elementor-element-10e8956 e-con-full e-flex e-con e-child\" data-id=\"10e8956\" data-element_type=\"container\" data-e-type=\"container\">\n\t\t\t\t<div class=\"elementor-element elementor-element-a8c96b0 elementor-widget elementor-widget-text-editor\" data-id=\"a8c96b0\" data-element_type=\"widget\" data-e-type=\"widget\" data-widget_type=\"text-editor.default\">\n\t\t\t\t<div class=\"elementor-widget-container\">\n\t\t\t\t\t\t\t\t\t<p><strong>A.<\/strong> Modificaci\u00f3n por Aumento de Capital: La tarifa ser\u00e1 de acuerdo con el nuevo capital y se le restar\u00e1 lo pagado por el capital anterior y se aplicar\u00e1 la tarifa de Constituci\u00f3n, si el aumento de capital no cambia de rango la tarifa que se aplicar\u00e1 ser\u00e1 la de modificaci\u00f3n.<\/p><p><strong>B.<\/strong> \u00a0Renovaciones: El Registro Mercantil es v\u00e1lido por 2 a\u00f1os. Cuando acumule varias renovaciones se cobrar\u00e1n de manera individual.<\/p><p><strong>C.<\/strong> Las renovaciones y registros de documentos se deben solicitar de forma independiente.<\/p><p><strong>D.<\/strong> Las actualizaciones y registros de documentos se deben solicitar de forma independiente.<\/p><p><strong>E.<\/strong> Para todos los servicios debe traer copia y original de los documentos que vaya a depositar y formulario correspondiente al tipo de sociedad.<\/p><p><strong>F.<\/strong> La tarifa a pagar de las Sociedades Extranjeras con valor nominal ser\u00e1 seg\u00fan su capital social. Para el cobro, el capital de la sociedad ser\u00e1 convertido a Pesos Dominicanos y se calcular\u00e1 la tarifa del servicio seg\u00fan nuestro tarifario.<\/p><p><strong>G.<\/strong> Copias registradas: Tendr\u00e1 un costo de RD$200 (m\u00e1s 2 pesos por cada hoja que se imprima de la compa\u00f1\u00eda)<\/p><p><strong>H.<\/strong> Copias certificadas: Tendr\u00e1 un costo de RD$500 (m\u00e1s 2 pesos por cada hoja que se imprima de la compa\u00f1\u00eda)<\/p>\t\t\t\t\t\t\t\t<\/div>\n\t\t\t\t<\/div>\n\t\t\t\t<div class=\"elementor-element elementor-element-a0f7683 elementor-widget elementor-widget-heading\" data-id=\"a0f7683\" data-element_type=\"widget\" data-e-type=\"widget\" data-widget_type=\"heading.default\">\n\t\t\t\t<div class=\"elementor-widget-container\">\n\t\t\t\t\t<h2 class=\"elementor-heading-title elementor-size-default\">Tabla de precios<\/h2>\t\t\t\t<\/div>\n\t\t\t\t<\/div>\n\t\t\t\t<div class=\"elementor-element elementor-element-7cb3662 elementor-align-center elementor-widget elementor-widget-button\" data-id=\"7cb3662\" data-element_type=\"widget\" data-e-type=\"widget\" data-widget_type=\"button.default\">\n\t\t\t\t<div class=\"elementor-widget-container\">\n\t\t\t\t\t\t\t\t\t<div class=\"elementor-button-wrapper\">\n\t\t\t\t\t<a class=\"elementor-button elementor-button-link elementor-size-sm\" href=\"https:\/\/www.camaraprovinciasantodomingo.do\/Media\/Documentos\/RegistroMercantil\/Tarifario.pdf\">\n\t\t\t\t\t\t<span class=\"elementor-button-content-wrapper\">\n\t\t\t\t\t\t<span class=\"elementor-button-icon\">\n\t\t\t\t<svg aria-hidden=\"true\" class=\"e-font-icon-svg e-fas-file-pdf\" viewBox=\"0 0 384 512\" xmlns=\"http:\/\/www.w3.org\/2000\/svg\"><path d=\"M181.9 256.1c-5-16-4.9-46.9-2-46.9 8.4 0 7.6 36.9 2 46.9zm-1.7 47.2c-7.7 20.2-17.3 43.3-28.4 62.7 18.3-7 39-17.2 62.9-21.9-12.7-9.6-24.9-23.4-34.5-40.8zM86.1 428.1c0 .8 13.2-5.4 34.9-40.2-6.7 6.3-29.1 24.5-34.9 40.2zM248 160h136v328c0 13.3-10.7 24-24 24H24c-13.3 0-24-10.7-24-24V24C0 10.7 10.7 0 24 0h200v136c0 13.2 10.8 24 24 24zm-8 171.8c-20-12.2-33.3-29-42.7-53.8 4.5-18.5 11.6-46.6 6.2-64.2-4.7-29.4-42.4-26.5-47.8-6.8-5 18.3-.4 44.1 8.1 77-11.6 27.6-28.7 64.6-40.8 85.8-.1 0-.1.1-.2.1-27.1 13.9-73.6 44.5-54.5 68 5.6 6.9 16 10 21.5 10 17.9 0 35.7-18 61.1-61.8 25.8-8.5 54.1-19.1 79-23.2 21.7 11.8 47.1 19.5 64 19.5 29.2 0 31.2-32 19.7-43.4-13.9-13.6-54.3-9.7-73.6-7.2zM377 105L279 7c-4.5-4.5-10.6-7-17-7h-6v128h128v-6.1c0-6.3-2.5-12.4-7-16.9zm-74.1 255.3c4.1-2.7-2.5-11.9-42.8-9 37.1 15.8 42.8 9 42.8 9z\"><\/path><\/svg>\t\t\t<\/span>\n\t\t\t\t\t\t\t\t\t<span class=\"elementor-button-text\">Consultar <\/span>\n\t\t\t\t\t<\/span>\n\t\t\t\t\t<\/a>\n\t\t\t\t<\/div>\n\t\t\t\t\t\t\t\t<\/div>\n\t\t\t\t<\/div>\n\t\t\t\t<\/div>\n\t\t<div class=\"elementor-element elementor-element-ed755e0 e-con-full e-flex e-con e-child\" data-id=\"ed755e0\" data-element_type=\"container\" data-e-type=\"container\">\n\t\t\t\t<div class=\"elementor-element elementor-element-f6176ec elementor-widget elementor-widget-text-editor\" data-id=\"f6176ec\" data-element_type=\"widget\" data-e-type=\"widget\" data-widget_type=\"text-editor.default\">\n\t\t\t\t<div class=\"elementor-widget-container\">\n\t\t\t\t\t\t\t\t\t<p><strong>I.<\/strong> Modificaci\u00f3n por traslado de domicilio desde otra provincia\/c\u00e1mara: Tendr\u00e1 un costo de RD$1,000.00 m\u00e1s los documentos que vayan a ser registrados.<\/p><p><strong>J.<\/strong> Modificaci\u00f3n por cambio de domicilio social hacia otra provincia\/c\u00e1mara: Tendr\u00e1 un costo de RD$1,000.00, si adem\u00e1s del cambio de domicilio hubiere modificaci\u00f3n y\/o renovaci\u00f3n deber\u00e1 pagar la tarifa correspondiente a dichos servicios de acuerdo con el capital de la sociedad.<\/p><p><strong>K.<\/strong> Matriculaci\u00f3n con Liquidaci\u00f3n: Aplica para empresa que nunca han tenido Registro Mercantil y desean liquidarse. La Tarifa de 5000 no aplica para compa\u00f1\u00edas extranjeras.<\/p><p><strong>L.<\/strong> Retiro de documentos: Para retirar sus documentos, debe presentar la factura original, de lo contrario debe traer carta timbrada y sellada por el representante legal de la compa\u00f1\u00eda, donde informe la p\u00e9rdida de la factura. Es responsabilidad de los clientes del Registro Mercantil retirar los documentos dentro de los 30 d\u00edas calendario siguiente a la fecha de entrega, en caso contrario eliminaremos los mismos de nuestros archivos.<\/p><p><strong>M.<\/strong> Devoluci\u00f3n de expediente: Los clientes del Registro Mercantil que excedan los 90 d\u00edas corridos (se tiene en cuenta la hora) contados a partir de la fecha de la devoluci\u00f3n del expediente, para depositar nuevamente el mismo, deber\u00e1n solicitar el servicio como si fuera por primera vez y pagarlo como tal.<\/p><p><strong>N.<\/strong> Correcciones: si la correcci\u00f3n se identifica en el momento de retirar el expediente (y no se ha salido de nuestras oficinas) se debe llenar un formulario de correcci\u00f3n y entreg\u00e1rselo al representante para que haga la gesti\u00f3n y tendr\u00e1 una duraci\u00f3n de 24 horas, si la correcci\u00f3n se identifica luego de salir de nuestras instalaciones, se tendr\u00e1 que hacer una carta informando el error y tomar un turno de dep\u00f3sito para depositarlo, tendr\u00e1 una respuesta de 24 horas.<\/p>\t\t\t\t\t\t\t\t<\/div>\n\t\t\t\t<\/div>\n\t\t\t\t<\/div>\n\t\t\t\t\t<\/div>\n\t\t\t\t<\/div>\n\t\t<div class=\"elementor-element elementor-element-c77cee5 e-flex e-con-boxed e-con e-parent\" data-id=\"c77cee5\" data-element_type=\"container\" data-e-type=\"container\">\n\t\t\t\t\t<div class=\"e-con-inner\">\n\t\t\t\t<div class=\"elementor-element elementor-element-d8d6a64 elementor-widget elementor-widget-spacer\" data-id=\"d8d6a64\" data-element_type=\"widget\" data-e-type=\"widget\" data-widget_type=\"spacer.default\">\n\t\t\t\t<div class=\"elementor-widget-container\">\n\t\t\t\t\t\t\t<div class=\"elementor-spacer\">\n\t\t\t<div class=\"elementor-spacer-inner\"><\/div>\n\t\t<\/div>\n\t\t\t\t\t\t<\/div>\n\t\t\t\t<\/div>\n\t\t\t\t\t<\/div>\n\t\t\t\t<\/div>\n\t\t\t\t<\/div>\n\t\t","protected":false},"excerpt":{"rendered":"<p>Tarifas de servicios En esta secci\u00f3n podr\u00e1s consultar las tarifas vigentes por los servicios que ofrece la C\u00e1mara de Comercio y Producci\u00f3n de Santo Domingo. Hemos organizado la informaci\u00f3n de manera clara y accesible para que puedas conocer el costo de cada tr\u00e1mite, solicitud o certificaci\u00f3n, de acuerdo con el tipo de servicio requerido. Te [&hellip;]<\/p>\n","protected":false},"author":1,"featured_media":0,"parent":0,"menu_order":0,"comment_status":"closed","ping_status":"closed","template":"","meta":{"footnotes":""},"class_list":["post-554","page","type-page","status-publish","hentry"],"_links":{"self":[{"href":"https:\/\/brandlytic.do\/camara\/wp-json\/wp\/v2\/pages\/554","targetHints":{"allow":["GET"]}}],"collection":[{"href":"https:\/\/brandlytic.do\/camara\/wp-json\/wp\/v2\/pages"}],"about":[{"href":"https:\/\/brandlytic.do\/camara\/wp-json\/wp\/v2\/types\/page"}],"author":[{"embeddable":true,"href":"https:\/\/brandlytic.do\/camara\/wp-json\/wp\/v2\/users\/1"}],"replies":[{"embeddable":true,"href":"https:\/\/brandlytic.do\/camara\/wp-json\/wp\/v2\/comments?post=554"}],"version-history":[{"count":25,"href":"https:\/\/brandlytic.do\/camara\/wp-json\/wp\/v2\/pages\/554\/revisions"}],"predecessor-version":[{"id":803,"href":"https:\/\/brandlytic.do\/camara\/wp-json\/wp\/v2\/pages\/554\/revisions\/803"}],"wp:attachment":[{"href":"https:\/\/brandlytic.do\/camara\/wp-json\/wp\/v2\/media?parent=554"}],"curies":[{"name":"wp","href":"https:\/\/api.w.org\/{rel}","templated":true}]}}