{"id":711,"date":"2025-07-22T20:45:48","date_gmt":"2025-07-22T20:45:48","guid":{"rendered":"https:\/\/brandlytic.do\/camara\/?page_id=711"},"modified":"2025-12-29T12:58:41","modified_gmt":"2025-12-29T12:58:41","slug":"politicas-administrativas-y-de-reembolsos","status":"publish","type":"page","link":"https:\/\/brandlytic.do\/camara\/politicas-administrativas-y-de-reembolsos\/","title":{"rendered":"Pol\u00edticas administrativas y de reembolsos"},"content":{"rendered":"\t\t<div data-elementor-type=\"wp-page\" data-elementor-id=\"711\" class=\"elementor elementor-711\" data-elementor-post-type=\"page\">\n\t\t\t\t<div class=\"elementor-element elementor-element-630e824 e-flex e-con-boxed e-con e-parent\" data-id=\"630e824\" data-element_type=\"container\" data-e-type=\"container\">\n\t\t\t\t\t<div class=\"e-con-inner\">\n\t\t<div class=\"elementor-element elementor-element-2529009 e-con-full e-flex e-con e-child\" data-id=\"2529009\" data-element_type=\"container\" data-e-type=\"container\">\n\t\t<div class=\"elementor-element elementor-element-af53f4d e-con-full e-flex e-con e-child\" data-id=\"af53f4d\" data-element_type=\"container\" data-e-type=\"container\" data-settings=\"{&quot;sticky&quot;:&quot;top&quot;,&quot;sticky_on&quot;:[&quot;desktop&quot;,&quot;tablet&quot;],&quot;sticky_parent&quot;:&quot;yes&quot;,&quot;sticky_offset&quot;:0,&quot;sticky_effects_offset&quot;:0,&quot;sticky_anchor_link_offset&quot;:0}\">\n\t\t\t\t<div class=\"elementor-element elementor-element-f3fd3d4 elementor-widget elementor-widget-heading\" data-id=\"f3fd3d4\" data-element_type=\"widget\" data-e-type=\"widget\" data-widget_type=\"heading.default\">\n\t\t\t\t<div class=\"elementor-widget-container\">\n\t\t\t\t\t<h2 class=\"elementor-heading-title elementor-size-default\">Pol\u00edticas administrativas<\/h2>\t\t\t\t<\/div>\n\t\t\t\t<\/div>\n\t\t\t\t<div class=\"elementor-element elementor-element-ea1d454 elementor-widget elementor-widget-text-editor\" data-id=\"ea1d454\" data-element_type=\"widget\" data-e-type=\"widget\" data-widget_type=\"text-editor.default\">\n\t\t\t\t<div class=\"elementor-widget-container\">\n\t\t\t\t\t\t\t\t\t<p align=\"justify\"><span lang=\"es-DO\"><b>Nota:\u00a0<\/b><\/span><span lang=\"es-DO\"><i><b>Los puntos 3 al 8 solo aplican para los documentos depositados en f\u00edsico.<\/b><\/i><\/span><\/p>\t\t\t\t\t\t\t\t<\/div>\n\t\t\t\t<\/div>\n\t\t\t\t<\/div>\n\t\t\t\t<\/div>\n\t\t<div class=\"elementor-element elementor-element-3d5dc1c e-con-full e-flex e-con e-child\" data-id=\"3d5dc1c\" data-element_type=\"container\" data-e-type=\"container\">\n\t\t\t\t<div class=\"elementor-element elementor-element-60f3f6a elementor-widget elementor-widget-text-editor\" data-id=\"60f3f6a\" data-element_type=\"widget\" data-e-type=\"widget\" data-widget_type=\"text-editor.default\">\n\t\t\t\t<div class=\"elementor-widget-container\">\n\t\t\t\t\t\t\t\t\t<ol>\n \t<li>Todos los datos suministrados por el usuario deben ser ver\u00eddicos y ser\u00e1n tomados como tal.<\/li>\n \t<li>No se recibir\u00e1n documentos incompletos e ilegibles<\/li>\n \t<li>Todos los documentos entregados dentro de un expediente deben estar ordenados de la siguiente manera:\n<ul>\n \t<li>Formulario<\/li>\n \t<li>Fotocopia de documentos de identidad<\/li>\n \t<li>Original y copias de documentos; los mismos deben estar agrupados por el tipo que se trate<\/li>\n \t<li>Un ejemplar de todos los documentos para nuestros archivos.<\/li>\n<\/ul>\n<\/li>\n \t<li>El formulario deber\u00e1 estar completado a m\u00e1quina\/computadora firmada por la persona autorizada o por la v\u00eda web.<\/li>\n \t<li>No nos hacemos responsables de los documentos no retirados a los 30 d\u00edas calendarios siguientes de la fecha de entrega, los mismos ser\u00e1n eliminados de nuestros archivos.<\/li>\n \t<li>En caso de no depositar en los 90 d\u00edas calendarios siguientes el expediente que le fue devuelto, deber\u00e1 solicitar el servicio como si fuera por primera vez y pagarlo como tal.<\/li>\n \t<li>Ser\u00e1n devueltos los cheques:\n<ul>\n \t<li>Por montos mayores al importe del servicio solicitado<\/li>\n \t<li>Que no est\u00e9n a nombre de la C\u00e1mara de Comercio y Producci\u00f3n de la Provincia Santo Domingo<\/li>\n \t<li>Que est\u00e9n endosados al Tesorero Nacional<\/li>\n \t<li>Que no cumplan con los requerimientos de la Ley de Cheques vigente<\/li>\n<\/ul>\n<\/li>\n \t<li>No se recibir\u00e1n documentos si el domicilio de la sociedad no es en la Provincia Santo Domingo.<\/li>\n \t<li>No se sustituyen documentos, en los casos que el cliente haya cometido errores en los mismos, deber\u00e1n enmendar su error mediante asamblea extraordinaria.<\/li>\n<\/ol>\t\t\t\t\t\t\t\t<\/div>\n\t\t\t\t<\/div>\n\t\t\t\t<\/div>\n\t\t\t\t\t<\/div>\n\t\t\t\t<\/div>\n\t\t<div class=\"elementor-element elementor-element-0433e93 e-flex e-con-boxed e-con e-parent\" data-id=\"0433e93\" data-element_type=\"container\" data-e-type=\"container\">\n\t\t\t\t\t<div class=\"e-con-inner\">\n\t\t\t\t<div class=\"elementor-element elementor-element-7502a0a elementor-widget-divider--view-line elementor-widget elementor-widget-divider\" data-id=\"7502a0a\" data-element_type=\"widget\" data-e-type=\"widget\" data-widget_type=\"divider.default\">\n\t\t\t\t<div class=\"elementor-widget-container\">\n\t\t\t\t\t\t\t<div class=\"elementor-divider\">\n\t\t\t<span class=\"elementor-divider-separator\">\n\t\t\t\t\t\t<\/span>\n\t\t<\/div>\n\t\t\t\t\t\t<\/div>\n\t\t\t\t<\/div>\n\t\t\t\t\t<\/div>\n\t\t\t\t<\/div>\n\t\t<div class=\"elementor-element elementor-element-3ea5563 e-flex e-con-boxed e-con e-parent\" data-id=\"3ea5563\" data-element_type=\"container\" data-e-type=\"container\">\n\t\t\t\t\t<div class=\"e-con-inner\">\n\t\t<div class=\"elementor-element elementor-element-7faca8c e-con-full e-flex e-con e-child\" data-id=\"7faca8c\" data-element_type=\"container\" data-e-type=\"container\">\n\t\t<div class=\"elementor-element elementor-element-fb16b77 e-con-full e-flex e-con e-child\" data-id=\"fb16b77\" data-element_type=\"container\" data-e-type=\"container\" data-settings=\"{&quot;sticky&quot;:&quot;top&quot;,&quot;sticky_on&quot;:[&quot;desktop&quot;,&quot;tablet&quot;],&quot;sticky_parent&quot;:&quot;yes&quot;,&quot;sticky_offset&quot;:0,&quot;sticky_effects_offset&quot;:0,&quot;sticky_anchor_link_offset&quot;:0}\">\n\t\t\t\t<div class=\"elementor-element elementor-element-b0dd086 elementor-widget elementor-widget-heading\" data-id=\"b0dd086\" data-element_type=\"widget\" data-e-type=\"widget\" data-widget_type=\"heading.default\">\n\t\t\t\t<div class=\"elementor-widget-container\">\n\t\t\t\t\t<h2 class=\"elementor-heading-title elementor-size-default\">Pol\u00edticas de reembolsos<\/h2>\t\t\t\t<\/div>\n\t\t\t\t<\/div>\n\t\t\t\t<\/div>\n\t\t\t\t<\/div>\n\t\t<div class=\"elementor-element elementor-element-5716b23 e-con-full e-flex e-con e-child\" data-id=\"5716b23\" data-element_type=\"container\" data-e-type=\"container\">\n\t\t\t\t<div class=\"elementor-element elementor-element-91604ae elementor-widget elementor-widget-text-editor\" data-id=\"91604ae\" data-element_type=\"widget\" data-e-type=\"widget\" data-widget_type=\"text-editor.default\">\n\t\t\t\t<div class=\"elementor-widget-container\">\n\t\t\t\t\t\t\t\t\t<ol><li>No ser\u00e1n reembolsadas las siguientes solicitudes:<ol><li><span lang=\"es-DO\">Si han pasado treinta (30) d\u00edas de haber retirado su documentaci\u00f3n.<\/span><\/li><li>Solicitudes relacionadas con sociedades en participaci\u00f3n.<\/li><li>Cuando el cliente marca en el formulario con una X un servicio distinto al deseado o un capital diferente al de sus documentos.<\/li><li>Solicitudes de servicios devueltos y el cliente decide no continuar el proceso (Ver excepci\u00f3n punto 2.1)<\/li><li>Cuando se someta a la C\u00e1mara una solicitud de servicio por un capital determinado y por alguna raz\u00f3n se devuelva el expediente al cliente para ser corregido, solo se podr\u00e1 depositar el expediente para completar el proceso por el mismo capital depositado la primera vez.<\/li><li>Cuando el cliente solicita Copias Certificadas de documentos que no figuran registrados en la C\u00e1mara procedemos a certificar que el documento no figura registrado.<\/li><li>Cuando el cliente solicita una Certificaci\u00f3n de una empresa que no figura registrada en la C\u00e1mara procedemos a certificar que la empresa no figura registrada.<\/li><li>Cuando se depositen menos documentos de los que entreg\u00f3 el cliente la primera vez<\/li><\/ol><\/li><li>Ser\u00e1n Reembolsados los siguientes casos:<ol><li>En caso de una solicitud de matriculaci\u00f3n devuelta a problemas por cualquier causa, si el cliente decide no seguir el proceso, se le reembolsar\u00e1 el cincuenta por ciento (50%) de la suma pagada.<\/li><li>Cuando en el formulario indican que el domicilio de la empresa es en la Provincia Santo Domingo y sus documentos tienen como domicilio otra provincia, se le reembolsar\u00e1 el cincuenta por ciento (50%) de la suma pagada.<\/li><li>Cuando en el formulario de la compa\u00f1\u00eda especifica que no es de la Provincia Santo Domingo y este fue recibido por el representante.<\/li><\/ol><\/li><li>Casos excepcionales de solicitud de reembolso distintos a los citados ser\u00e1n conocidos uno por uno por la Gerencia del Registro Mercantil para su ponderaci\u00f3n y decisi\u00f3n. Para solicitar tu reembolso deber\u00e1s presentar:<br \/><ol><li>a) El original del recibo o factura de pago<\/li><li>b) La carta de solicitud que deber\u00e1 estar timbrada, sellada y firmada por el presidente de la sociedad u otra persona autorizada. La misma deber\u00e1 contener a nombre de la cuenta, tipo de cuenta y banco al cual se har\u00e1 la transferencia, acompa\u00f1ada de copia de c\u00e9dula de identidad personal del solicitante.<\/li><li>c) Las sociedades que se est\u00e1n matriculando y que por tanto no tienen sello gom\u00edgrafos u otros, deben estar firmadas por el presidente electo o por una persona autorizada mediante poder de representaci\u00f3n, el cual deben adjuntar a la solicitud<\/li><\/ol><\/li><\/ol>\t\t\t\t\t\t\t\t<\/div>\n\t\t\t\t<\/div>\n\t\t\t\t<\/div>\n\t\t\t\t\t<\/div>\n\t\t\t\t<\/div>\n\t\t\t\t<\/div>\n\t\t","protected":false},"excerpt":{"rendered":"<p>Pol\u00edticas administrativas Nota:\u00a0Los puntos 3 al 8 solo aplican para los documentos depositados en f\u00edsico. Todos los datos suministrados por el usuario deben ser ver\u00eddicos y ser\u00e1n tomados como tal. No se recibir\u00e1n documentos incompletos e ilegibles Todos los documentos entregados dentro de un expediente deben estar ordenados de la siguiente manera: Formulario Fotocopia de [&hellip;]<\/p>\n","protected":false},"author":1,"featured_media":0,"parent":0,"menu_order":0,"comment_status":"closed","ping_status":"closed","template":"","meta":{"footnotes":""},"class_list":["post-711","page","type-page","status-publish","hentry"],"_links":{"self":[{"href":"https:\/\/brandlytic.do\/camara\/wp-json\/wp\/v2\/pages\/711","targetHints":{"allow":["GET"]}}],"collection":[{"href":"https:\/\/brandlytic.do\/camara\/wp-json\/wp\/v2\/pages"}],"about":[{"href":"https:\/\/brandlytic.do\/camara\/wp-json\/wp\/v2\/types\/page"}],"author":[{"embeddable":true,"href":"https:\/\/brandlytic.do\/camara\/wp-json\/wp\/v2\/users\/1"}],"replies":[{"embeddable":true,"href":"https:\/\/brandlytic.do\/camara\/wp-json\/wp\/v2\/comments?post=711"}],"version-history":[{"count":7,"href":"https:\/\/brandlytic.do\/camara\/wp-json\/wp\/v2\/pages\/711\/revisions"}],"predecessor-version":[{"id":863,"href":"https:\/\/brandlytic.do\/camara\/wp-json\/wp\/v2\/pages\/711\/revisions\/863"}],"wp:attachment":[{"href":"https:\/\/brandlytic.do\/camara\/wp-json\/wp\/v2\/media?parent=711"}],"curies":[{"name":"wp","href":"https:\/\/api.w.org\/{rel}","templated":true}]}}